{"id":1891,"date":"2022-06-03T15:36:05","date_gmt":"2022-06-03T15:36:05","guid":{"rendered":"http:\/\/kobalt-technologies.com\/?page_id=1891"},"modified":"2022-08-04T16:46:18","modified_gmt":"2022-08-04T14:46:18","slug":"desarrollo-web-a-medida","status":"publish","type":"page","link":"https:\/\/www.kobalt-technologies.com\/index.php\/desarrollo-web-a-medida\/","title":{"rendered":"Desarrollo a medida"},"content":{"rendered":"\n<div class=\"wp-block-columns is-layout-flex wp-container-core-columns-is-layout-9d6595d7 wp-block-columns-is-layout-flex\">\n<div class=\"wp-block-column is-layout-flow wp-block-column-is-layout-flow\" style=\"flex-basis:66.66%\">\n<figure class=\"wp-block-image size-full\"><img loading=\"lazy\" decoding=\"async\" width=\"900\" height=\"630\" src=\"http:\/\/kobalt-technologies.com\/wp-content\/uploads\/2020\/10\/Untitled-3.jpg\" alt=\"\" class=\"wp-image-88\" srcset=\"https:\/\/www.kobalt-technologies.com\/wp-content\/uploads\/2020\/10\/Untitled-3.jpg 900w, https:\/\/www.kobalt-technologies.com\/wp-content\/uploads\/2020\/10\/Untitled-3-300x210.jpg 300w, https:\/\/www.kobalt-technologies.com\/wp-content\/uploads\/2020\/10\/Untitled-3-768x538.jpg 768w\" sizes=\"auto, (max-width: 900px) 100vw, 900px\" \/><\/figure>\n<\/div>\n\n\n\n<div class=\"wp-block-column is-layout-flow wp-block-column-is-layout-flow\" style=\"flex-basis:33.33%\">\n<h2 class=\"has-large-font-size wp-block-heading\">En tiempo record<\/h2>\n\n\n\n<p>Tu Web + Dominio de tu elecci\u00f3n, lista y funcionando en solo <strong>7 d\u00edas<\/strong>.<\/p>\n\n\n\n<h2 class=\"has-large-font-size wp-block-heading\" style=\"line-height:1\">Elige el dise\u00f1o<\/h2>\n\n\n\n<p>Disponemos de una amplia gama de dise\u00f1os <strong>para cualquier mercado<\/strong>: web comercial, corporativa, deportiva, estudios de arquitectura, venta de manualidades, venta de servicios, revistas digitales, etc&#8230;<\/p>\n\n\n\n<p>Y sino tenemos el dise\u00f1o que quieres, \u00a1te lo hacemos!<\/p>\n<\/div>\n<\/div>\n\n\n\n<div class=\"wp-block-columns is-layout-flex wp-container-core-columns-is-layout-9d6595d7 wp-block-columns-is-layout-flex\">\n<div class=\"wp-block-column is-layout-flow wp-block-column-is-layout-flow\"><div class=\"wp-block-image\">\n<figure class=\"aligncenter size-full\"><img loading=\"lazy\" decoding=\"async\" width=\"60\" height=\"60\" src=\"http:\/\/kobalt-technologies.com\/wp-content\/uploads\/2020\/11\/icon_12.png\" alt=\"\" class=\"wp-image-796\"\/><\/figure>\n<\/div>\n\n\n<h3 class=\"has-text-align-center has-medium-font-size wp-block-heading\">Creamos tus Contenidos<\/h3>\n\n\n\n<p>Con nuestro servicio de <strong>Creaci\u00f3n de Contenidos<\/strong>, nos encargamos de revisar los textos, actualizarlos, ampliarlos, as\u00ed como crear nuevos contenidos; y todo ello ajust\u00e1ndonos a los informes de SEO previamente realizados.<\/p>\n<\/div>\n\n\n\n<div class=\"wp-block-column is-layout-flow wp-block-column-is-layout-flow\"><div class=\"wp-block-image is-style-default\">\n<figure class=\"aligncenter size-full\"><img loading=\"lazy\" decoding=\"async\" width=\"60\" height=\"60\" src=\"http:\/\/kobalt-technologies.com\/wp-content\/uploads\/2020\/11\/icon_04-1.png\" alt=\"\" class=\"wp-image-392\"\/><\/figure>\n<\/div>\n\n\n<h4 class=\"has-text-align-center has-medium-font-size wp-block-heading\">Sistemas Comerciales<\/h4>\n\n\n\n<p>Imag\u00ednate tu <strong>Tienda Online.<\/strong> Gesti\u00f3n de Productos, Precios, C\u00f3digos de Descuento, Env\u00edos, Inventario, TPV Virtual, ROI, Estad\u00edsticas, etc&#8230; Todo, en el mismo sitio!<\/p>\n<\/div>\n\n\n\n<div class=\"wp-block-column is-layout-flow wp-block-column-is-layout-flow\"><div class=\"wp-block-image\">\n<figure class=\"aligncenter size-full\"><img loading=\"lazy\" decoding=\"async\" width=\"60\" height=\"60\" src=\"http:\/\/kobalt-technologies.com\/wp-content\/uploads\/2020\/11\/icon_15.png\" alt=\"\" class=\"wp-image-1091\"\/><\/figure>\n<\/div>\n\n\n<h2 class=\"has-text-align-center has-medium-font-size wp-block-heading\">Protege a tus Clientes<\/h2>\n\n\n\n<p><strong>Certificado SSL<\/strong>, indispensable para trasmitir total confianza al Cliente. Protege sus datos mientras cumples con la normativa legal vigente.<\/p>\n<\/div>\n<\/div>\n\n\n\n<div class=\"wp-block-columns is-layout-flex wp-container-core-columns-is-layout-9d6595d7 wp-block-columns-is-layout-flex\">\n<div class=\"wp-block-column is-layout-flow wp-block-column-is-layout-flow\" style=\"flex-basis:33.33%\">\n<h2 class=\"has-large-font-size wp-block-heading\">Posicionamiento <\/h2>\n\n\n\n<p>Posicionamos <strong>SEO<\/strong>. Posicionamos tu web en los principales buscadores, para que solo tengas que preocuparte de tus clientes.<\/p>\n\n\n\n<p>El servicio incluye adem\u00e1s, un estudio de mercado, un an\u00e1lisis de la competencia, un informe completo, y la posibilidad de auditor\u00edas mensuales\/trimestrales para orientarte constantemente en mejorar tus contenidos, con el SEO como principal objetivo.<\/p>\n<\/div>\n\n\n\n<div class=\"wp-block-column is-layout-flow wp-block-column-is-layout-flow\" style=\"flex-basis:66.66%\">\n<figure class=\"wp-block-image size-full\"><img loading=\"lazy\" decoding=\"async\" width=\"800\" height=\"565\" src=\"http:\/\/kobalt-technologies.com\/wp-content\/uploads\/2020\/11\/dashboard-02.png\" alt=\"\" class=\"wp-image-508\" srcset=\"https:\/\/www.kobalt-technologies.com\/wp-content\/uploads\/2020\/11\/dashboard-02.png 800w, https:\/\/www.kobalt-technologies.com\/wp-content\/uploads\/2020\/11\/dashboard-02-300x212.png 300w, https:\/\/www.kobalt-technologies.com\/wp-content\/uploads\/2020\/11\/dashboard-02-768x542.png 768w\" sizes=\"auto, (max-width: 800px) 100vw, 800px\" \/><\/figure>\n<\/div>\n<\/div>\n\n\n<style id=\"kb-rowlayout_ffee11-ca\">#kt-layout-id_ffee11-ca{margin-top:60px;margin-bottom:0px;}#kt-layout-id_ffee11-ca .kt-row-layout-bottom-sep{height:1px;}#kt-layout-id_ffee11-ca .kt-row-layout-bottom-sep svg{width:400%;}#kt-layout-id_ffee11-ca > .kt-row-column-wrap{padding-top:0px;padding-bottom:60px;padding-left:0px;padding-right:0px;max-width:1140px;margin-left:auto;margin-right:auto;}<\/style>\n<div class=\"wp-block-kadence-rowlayout alignnone\"><div id=\"kt-layout-id_ffee11-ca\" class=\"kt-row-layout-inner kt-layout-id_ffee11-ca\"><div class=\"kt-row-column-wrap kt-has-1-columns kt-gutter-default kt-v-gutter-default kt-row-valign-top kt-row-layout-equal kt-tab-layout-inherit kt-m-colapse-left-to-right kt-mobile-layout-row\">\n<div class=\"wp-block-kadence-column inner-column-1 kadence-column_4f05a3-b1\"><div class=\"kt-inside-inner-col\">\n<p class=\"has-text-align-center\">Conf\u00edan en nosotros<\/p>\n\n\n\n<div class=\"wp-block-columns is-layout-flex wp-container-core-columns-is-layout-9d6595d7 wp-block-columns-is-layout-flex\">\n<div class=\"wp-block-column is-layout-flow wp-block-column-is-layout-flow\"><div class=\"wp-block-image\">\n<figure class=\"aligncenter size-full\"><a href=\"https:\/\/www.grupoasn.ee\" target=\"_blank\" rel=\"noreferrer noopener\"><img loading=\"lazy\" decoding=\"async\" width=\"88\" height=\"88\" src=\"http:\/\/kobalt-technologies.com\/wp-content\/uploads\/2022\/08\/grupoasn.png\" alt=\"\" class=\"wp-image-2179\"\/><\/a><\/figure>\n<\/div><\/div>\n\n\n\n<div class=\"wp-block-column is-layout-flow wp-block-column-is-layout-flow\"><div class=\"wp-block-image\">\n<figure class=\"aligncenter size-full\"><a href=\"https:\/\/www.thbhotels.com\/\" target=\"_blank\" rel=\"noreferrer noopener\"><img loading=\"lazy\" decoding=\"async\" width=\"400\" height=\"88\" src=\"http:\/\/kobalt-technologies.com\/wp-content\/uploads\/2022\/06\/logo_thb_horizontal_pollsMonthResume-1.png\" alt=\"\" class=\"wp-image-1930\" srcset=\"https:\/\/www.kobalt-technologies.com\/wp-content\/uploads\/2022\/06\/logo_thb_horizontal_pollsMonthResume-1.png 400w, https:\/\/www.kobalt-technologies.com\/wp-content\/uploads\/2022\/06\/logo_thb_horizontal_pollsMonthResume-1-300x66.png 300w\" sizes=\"auto, (max-width: 400px) 100vw, 400px\" \/><\/a><\/figure>\n<\/div><\/div>\n\n\n\n<div class=\"wp-block-column is-vertically-aligned-top is-layout-flow wp-block-column-is-layout-flow\"><div class=\"wp-block-image\">\n<figure class=\"aligncenter size-full\"><a href=\"https:\/\/www.nvan.es\/\" target=\"_blank\" rel=\"noreferrer noopener\"><img loading=\"lazy\" decoding=\"async\" width=\"400\" height=\"88\" src=\"http:\/\/kobalt-technologies.com\/wp-content\/uploads\/2022\/06\/nvan_gallery.png\" alt=\"\" class=\"wp-image-2145\" srcset=\"https:\/\/www.kobalt-technologies.com\/wp-content\/uploads\/2022\/06\/nvan_gallery.png 400w, https:\/\/www.kobalt-technologies.com\/wp-content\/uploads\/2022\/06\/nvan_gallery-300x66.png 300w\" sizes=\"auto, (max-width: 400px) 100vw, 400px\" \/><\/a><\/figure>\n<\/div><\/div>\n<\/div>\n<\/div><\/div>\n<\/div><div class=\"kt-row-layout-bottom-sep kt-row-sep-type-sltl\"><svg style=\"fill:var(--global-palette7)\" viewBox=\"0 0 1000 100\" preserveAspectRatio=\"none\"><path d=\"M1000,0l-1000,100l1000,0l0,-100Z\"><\/path><\/svg><\/div><\/div><\/div>\n\n\n<style id=\"kb-rowlayout_5aedea-b6\">#kt-layout-id_5aedea-b6{margin-top:0px;margin-bottom:0px;}#kt-layout-id_5aedea-b6 > .kt-row-column-wrap{padding-top:0px;padding-bottom:0px;padding-left:0px;padding-right:0px;max-width:1140px;margin-left:auto;margin-right:auto;}#kt-layout-id_5aedea-b6 > .kt-row-layout-overlay{opacity:1;background-image:linear-gradient(180deg, var(--global-palette9, #ffffff) 52%, var(--global-palette4, #2D3748) 17%);}<\/style>\n<div class=\"wp-block-kadence-rowlayout alignnone\"><div id=\"kt-layout-id_5aedea-b6\" class=\"kt-row-layout-inner kt-row-has-bg kt-layout-id_5aedea-b6\"><div class=\"kt-row-layout-overlay kt-row-overlay-gradient\"><\/div><div class=\"kt-row-column-wrap kt-has-1-columns kt-gutter-default kt-v-gutter-default kt-row-valign-top kt-row-layout-equal kt-tab-layout-inherit kt-m-colapse-left-to-right kt-mobile-layout-row\"><style id=\"kb-column_9975df-de\">.kadence-column_9975df-de > .kt-inside-inner-col{padding-top:80px;padding-bottom:55px;padding-left:170px;padding-right:170px;border-color:rgba(125, 134, 151, 0.11);border-top-width:1px;border-right-width:1px;border-bottom-width:1px;border-left-width:1px;border-top-left-radius:6px;border-top-right-radius:6px;border-bottom-right-radius:6px;border-bottom-left-radius:6px;box-shadow:20px 0px 30px -25px rgba(0, 0, 0, 0.2);}.wp-block-kadence-column.kadence-column_9975df-de > .kt-inside-inner-col{margin-top:0px;margin-bottom:-1px;margin-left:0px;}.kadence-column_9975df-de > .kt-inside-inner-col{background-color:var(--global-palette8, #F7FAFC);}.kadence-column_9975df-de > .kt-inside-inner-col{background-image:url('https:\/\/wordpress-486734-1630132.cloudwaysapps.com\/wp-content\/uploads\/2020\/11\/dots-2.png');background-size:auto;background-position:100% 100%;background-attachment:scroll;background-repeat:no-repeat;}@media all and (max-width: 1024px){.kadence-column_9975df-de > .kt-inside-inner-col{padding-top:90px;padding-bottom:90px;padding-left:0px;padding-right:0px;}.wp-block-kadence-column.kadence-column_9975df-de > .kt-inside-inner-col{margin-top:10px;margin-bottom:10px;margin-right:10px;margin-left:10px;}}@media all and (max-width: 767px){.kadence-column_9975df-de > .kt-inside-inner-col{padding-top:50px;padding-bottom:50px;padding-left:90px;padding-right:90px;}.wp-block-kadence-column.kadence-column_9975df-de > .kt-inside-inner-col{margin-top:10px;margin-bottom:10px;margin-right:10px;margin-left:10px;}}<\/style>\n<div class=\"wp-block-kadence-column inner-column-1 kadence-column_9975df-de\"><div class=\"kt-inside-inner-col\"><style id=\"kb-advancedheading_52f18a-78\">#kt-adv-heading_52f18a-78, #kt-adv-heading_52f18a-78 .wp-block-kadence-advancedheading, .wp-block-kadence-advancedheading.kt-adv-heading_52f18a-78[data-kb-block=\"kb-adv-heading_52f18a-78\"], .kadence-advanced-heading-wrapper .kt-adv-heading_52f18a-78[data-kb-block=\"kb-adv-heading_52f18a-78\"]{text-align:center;font-size:75px;line-height:1em;font-weight:700;margin-top:20px;margin-bottom:30px;}#kt-adv-heading_52f18a-78 mark, #kt-adv-heading_52f18a-78 .wp-block-kadence-advancedheading mark, .kt-adv-heading_52f18a-78[data-kb-block=\"kb-adv-heading_52f18a-78\"] mark{padding:0px 0px 0px 0px;}@media all and (max-width: 1024px){#kt-adv-heading_52f18a-78, #kt-adv-heading_52f18a-78 .wp-block-kadence-advancedheading, .wp-block-kadence-advancedheading.kt-adv-heading_52f18a-78[data-kb-block=\"kb-adv-heading_52f18a-78\"], .kadence-advanced-heading-wrapper .kt-adv-heading_52f18a-78[data-kb-block=\"kb-adv-heading_52f18a-78\"]{font-size:60px;}}@media all and (max-width: 767px){#kt-adv-heading_52f18a-78, #kt-adv-heading_52f18a-78 .wp-block-kadence-advancedheading, .wp-block-kadence-advancedheading.kt-adv-heading_52f18a-78[data-kb-block=\"kb-adv-heading_52f18a-78\"], .kadence-advanced-heading-wrapper .kt-adv-heading_52f18a-78[data-kb-block=\"kb-adv-heading_52f18a-78\"]{font-size:50px;}}<\/style>\n<h2 class=\"kt-adv-heading_52f18a-78 wp-block-kadence-advancedheading\" data-kb-block=\"kb-adv-heading_52f18a-78\">\u00bfEst\u00e1s listo para empezar?<\/h2>\n\n\n<style id=\"kb-advancedbtn_83446e-54\">.kt-btns_83446e-54 .kt-btn-wrap-0{margin-right:5px;}.rtl .kt-btns_83446e-54 .kt-btn-wrap-0{margin-left:5px;margin-right:0px;}.wp-block-kadence-advancedbtn.kt-btns_83446e-54 .kt-btn-wrap-0 .kt-button{padding-left:60px;padding-right:60px;padding-top:20px;padding-bottom:20px;color:var(--global-palette9, #ffffff);font-size:18px;background:var(--global-palette1, #3182CE);border-color:#555555;}.wp-block-kadence-advancedbtn.kt-btns_83446e-54 .kt-btn-wrap-0 .kt-button:hover, .wp-block-kadence-advancedbtn.kt-btns_83446e-54 .kt-btn-wrap-0 .kt-button:focus{color:#ffffff;border-color:#444444;}.wp-block-kadence-advancedbtn.kt-btns_83446e-54 .kt-btn-wrap-0 .kt-button::before{display:none;}.wp-block-kadence-advancedbtn.kt-btns_83446e-54 .kt-btn-wrap-0 .kt-button:hover, .wp-block-kadence-advancedbtn.kt-btns_83446e-54 .kt-btn-wrap-0 .kt-button:focus{background:var(--global-palette2, #2B6CB0);}<\/style>\n<div class=\"wp-block-kadence-advancedbtn kt-btn-align-center kt-btn-tablet-align-inherit kt-btn-mobile-align-inherit kt-btns-wrap kt-btns_83446e-54\"><div class=\"kt-btn-wrap kt-btn-wrap-0\"><a class=\"kt-button button kt-btn-0-action kt-btn-size-custom kt-btn-style-basic kt-btn-svg-show-always kt-btn-has-text-true kt-btn-has-svg-false\" href=\"https:\/\/www.kobalt-technologies.com\/index.php\/contactanos#form_contact\" style=\"border-radius:6px;border-width:0px\"><span class=\"kt-btn-inner-text\">\u00a1Empecemos!<\/span><\/a><\/div><\/div>\n<\/div><\/div>\n<\/div><\/div><\/div>\n","protected":false},"excerpt":{"rendered":"<p>En tiempo record Tu Web + Dominio de tu elecci\u00f3n, lista y funcionando en solo 7 d\u00edas. Elige el dise\u00f1o Disponemos de una amplia gama de dise\u00f1os para cualquier mercado: web comercial, corporativa, deportiva, estudios de arquitectura, venta de manualidades, venta de servicios, revistas digitales, etc&#8230; Y sino tenemos el dise\u00f1o que quieres, \u00a1te lo&#8230;<\/p>\n","protected":false},"author":1,"featured_media":0,"parent":0,"menu_order":0,"comment_status":"closed","ping_status":"closed","template":"","meta":{"_kad_post_transparent":"","_kad_post_title":"","_kad_post_layout":"","_kad_post_sidebar_id":"","_kad_post_content_style":"","_kad_post_vertical_padding":"","_kad_post_feature":"","_kad_post_feature_position":"","_kad_post_header":false,"_kad_post_footer":false,"footnotes":""},"class_list":["post-1891","page","type-page","status-publish","hentry"],"_links":{"self":[{"href":"https:\/\/www.kobalt-technologies.com\/index.php\/wp-json\/wp\/v2\/pages\/1891","targetHints":{"allow":["GET"]}}],"collection":[{"href":"https:\/\/www.kobalt-technologies.com\/index.php\/wp-json\/wp\/v2\/pages"}],"about":[{"href":"https:\/\/www.kobalt-technologies.com\/index.php\/wp-json\/wp\/v2\/types\/page"}],"author":[{"embeddable":true,"href":"https:\/\/www.kobalt-technologies.com\/index.php\/wp-json\/wp\/v2\/users\/1"}],"replies":[{"embeddable":true,"href":"https:\/\/www.kobalt-technologies.com\/index.php\/wp-json\/wp\/v2\/comments?post=1891"}],"version-history":[{"count":13,"href":"https:\/\/www.kobalt-technologies.com\/index.php\/wp-json\/wp\/v2\/pages\/1891\/revisions"}],"predecessor-version":[{"id":2190,"href":"https:\/\/www.kobalt-technologies.com\/index.php\/wp-json\/wp\/v2\/pages\/1891\/revisions\/2190"}],"wp:attachment":[{"href":"https:\/\/www.kobalt-technologies.com\/index.php\/wp-json\/wp\/v2\/media?parent=1891"}],"curies":[{"name":"wp","href":"https:\/\/api.w.org\/{rel}","templated":true}]}}