{"id":1894,"date":"2022-06-03T15:36:50","date_gmt":"2022-06-03T15:36:50","guid":{"rendered":"http:\/\/kobalt-technologies.com\/?page_id=1894"},"modified":"2024-04-18T10:00:46","modified_gmt":"2024-04-18T08:00:46","slug":"contactanos","status":"publish","type":"page","link":"https:\/\/www.kobalt-technologies.com\/index.php\/contactanos\/","title":{"rendered":"Cont\u00e1ctanos"},"content":{"rendered":"<style id=\"kb-spacer_e28d06-c7\">.wp-block-kadence-spacer.kt-block-spacer-_e28d06-c7 .kt-divider{width:80%;}<\/style>\n<div class=\"wp-block-kadence-spacer aligncenter kt-block-spacer-_e28d06-c7\" id=\"form_contact\"><div class=\"kt-block-spacer kt-block-spacer-halign-center\"><hr class=\"kt-divider\"\/><\/div><\/div>\n\n\n\n<p style=\"line-height:0\">Selecciona el Producto en el que est\u00e1s interesado, o ind\u00edcanos en una breve descripci\u00f3n lo que necesitas.<\/p>\n\n\n\n<p id=\"form_contact\" style=\"line-height:0\">Nos pondremos en contacto contigo en la mayor brevedad.<\/p>\n\n\n<style id=\"kb-form_40dcd0-53\">.kadence-form-_40dcd0-53 .kb-form .kadence-blocks-form-field .kb-forms-submit {}.kadence-form-_40dcd0-53 .kb-form .kadence-blocks-form-field .kb-forms-submit:hover, .kadence-form-_40dcd0-53 .kb-form .kadence-blocks-form-field .kb-forms-submit:focus  {}<\/style>\n<div class=\"wp-block-kadence-form kadence-form-_40dcd0-53 kb-form-wrap\"><form class=\"kb-form\" action=\"\" method=\"post\"><div class=\"kadence-blocks-form-field kb-field-desk-width-100 kb-input-size-standard\"><label for=\"kb_field__40dcd0-53_0\">Nombre<span class=\"required\">*<\/span><\/label><input name=\"kb_field_0\" id=\"kb_field__40dcd0-53_0\" data-label=\"Nombre\" type=\"text\" placeholder=\"\" value=\"\" data-type=\"text\" class=\"kb-field kb-text-style-field kb-text-field kb-field-0\" data-required=\"yes\"\/><\/div><div class=\"kadence-blocks-form-field kb-form-field-1 kb-field-desk-width-100 kb-input-size-standard\"><label for=\"kb_field__40dcd0-53_1\">Producto<span class=\"required\">*<\/span><\/label><select name=\"kb_field_1\" id=\"kb_field__40dcd0-53_1\" data-label=\"Producto\" type=\"select\" value=\"\" data-type=\"select\" class=\"kb-field kb-select-style-field kb-select-field kb-field-1\" data-required=\"yes\"><option value=\"Web a medida\">Web a medida<\/option><option value=\"Business Intelligence\">Business Intelligence<\/option><option value=\"Software a medida\">Software a medida<\/option><option value=\"Servidores VPS\/Dedicados\">Servidores VPS\/Dedicados<\/option><option value=\"Hosting\">Hosting<\/option><option value=\"Otros\">Otros<\/option><\/select><\/div><div class=\"kadence-blocks-form-field kb-form-field-2 kb-field-desk-width-100 kb-input-size-standard\"><label for=\"kb_field__40dcd0-53_2\">Email<span class=\"required\">*<\/span><\/label><input name=\"kb_field_2\" id=\"kb_field__40dcd0-53_2\" data-label=\"Email\" type=\"email\" placeholder=\"\" value=\"\" data-type=\"email\" class=\"kb-field kb-text-style-field kb-email-field kb-field-2\" data-required=\"yes\"\/><\/div><div class=\"kadence-blocks-form-field kb-form-field-3 kb-field-desk-width-100 kb-input-size-standard\"><label for=\"kb_field__40dcd0-53_3\">Tel\u00e9fono<span class=\"required\">*<\/span><\/label><input name=\"kb_field_3\" id=\"kb_field__40dcd0-53_3\" data-label=\"Tel\u00e9fono\" type=\"tel\" placeholder=\"\" value=\"+376\" data-type=\"tel\" class=\"kb-field kb-text-style-field kb-tel-field kb-field-3\" data-required=\"yes\"\/><span class=\"kb-field-help\">No olvides indicar el C\u00f3digo P\u00e1is de tu n\u00famero de tel\u00e9fono<\/span><\/div><div class=\"kadence-blocks-form-field kb-form-field-4 kb-field-desk-width-100 kb-input-size-standard\"><label for=\"kb_field__40dcd0-53_4\">Comentarios<span class=\"required\">*<\/span><\/label><textarea name=\"kb_field_4\" id=\"kb_field__40dcd0-53_4\" data-label=\"Comentarios\" type=\"textarea\" placeholder=\"\" data-type=\"textarea\" class=\"kb-field kb-text-style-field kb-textarea-field kb-field-4\" rows=\"4\" data-required=\"yes\"><\/textarea><span class=\"kb-field-help\">Ind\u00edcanos con una breve descripci\u00f3n lo que necesitas.<\/span><\/div><input type=\"hidden\" name=\"_kb_form_id\" value=\"_40dcd0-53\"\/><input type=\"hidden\" name=\"_kb_form_post_id\" value=\"1894\"\/><input type=\"hidden\" name=\"action\" value=\"kb_process_ajax_submit\"\/><input type=\"hidden\" name=\"recaptcha_response\" class=\"kb_recaptcha_response kb_recaptcha__40dcd0-53\"\/><input class=\"kadence-blocks-field verify\" type=\"text\" name=\"_kb_verify_email\" autocomplete=\"off\" aria-hidden=\"true\" placeholder=\"Email\" tabindex=\"-1\"\/><div class=\"kadence-blocks-form-field kb-submit-field kb-field-desk-width-100\"><button class=\"kb-forms-submit button kb-button-size-standard kb-button-width-auto\">Enviar<\/button><\/div><\/form><\/div>\n","protected":false},"excerpt":{"rendered":"<p>Selecciona el Producto en el que est\u00e1s interesado, o ind\u00edcanos en una breve descripci\u00f3n lo que necesitas. Nos pondremos en contacto contigo en la mayor brevedad.<\/p>\n","protected":false},"author":1,"featured_media":0,"parent":0,"menu_order":0,"comment_status":"closed","ping_status":"closed","template":"","meta":{"_kad_post_transparent":"","_kad_post_title":"","_kad_post_layout":"","_kad_post_sidebar_id":"","_kad_post_content_style":"","_kad_post_vertical_padding":"","_kad_post_feature":"","_kad_post_feature_position":"","_kad_post_header":false,"_kad_post_footer":false,"footnotes":""},"class_list":["post-1894","page","type-page","status-publish","hentry"],"_links":{"self":[{"href":"https:\/\/www.kobalt-technologies.com\/index.php\/wp-json\/wp\/v2\/pages\/1894","targetHints":{"allow":["GET"]}}],"collection":[{"href":"https:\/\/www.kobalt-technologies.com\/index.php\/wp-json\/wp\/v2\/pages"}],"about":[{"href":"https:\/\/www.kobalt-technologies.com\/index.php\/wp-json\/wp\/v2\/types\/page"}],"author":[{"embeddable":true,"href":"https:\/\/www.kobalt-technologies.com\/index.php\/wp-json\/wp\/v2\/users\/1"}],"replies":[{"embeddable":true,"href":"https:\/\/www.kobalt-technologies.com\/index.php\/wp-json\/wp\/v2\/comments?post=1894"}],"version-history":[{"count":15,"href":"https:\/\/www.kobalt-technologies.com\/index.php\/wp-json\/wp\/v2\/pages\/1894\/revisions"}],"predecessor-version":[{"id":2232,"href":"https:\/\/www.kobalt-technologies.com\/index.php\/wp-json\/wp\/v2\/pages\/1894\/revisions\/2232"}],"wp:attachment":[{"href":"https:\/\/www.kobalt-technologies.com\/index.php\/wp-json\/wp\/v2\/media?parent=1894"}],"curies":[{"name":"wp","href":"https:\/\/api.w.org\/{rel}","templated":true}]}}