{"id":2067,"date":"2022-06-26T16:24:30","date_gmt":"2022-06-26T16:24:30","guid":{"rendered":"http:\/\/kobalt-technologies.com\/?page_id=2067"},"modified":"2022-08-04T16:44:23","modified_gmt":"2022-08-04T14:44:23","slug":"politica-de-privacidad","status":"publish","type":"page","link":"https:\/\/www.kobalt-technologies.com\/index.php\/politica-de-privacidad\/","title":{"rendered":"Pol\u00edtica de Privacidad"},"content":{"rendered":"\n<h6 class=\"wp-block-heading\">Pol\u00edtica de Privacidad<\/h6>\n\n\n\n<p>Kobalt Serveis Tecnol\u00f2gics, S.L. (en adelante WEB KOBALT) de nacionalidad andorrana con domicilio en Encamp (Andorra), Ctra. dels Cortals, Edificio La Miranda, Bloc C, 4\u00ba, 7A, AD200, es titular de la web www.kobalt-techonologies.com, y como tal, les informa que para hacer uso de algunos de los servicios telem\u00e1ticos que les ofrece nuestro portal de Internet, as\u00ed como para facturarle los servicios prestados y proporcionarle las novedades comerciales de nuestra empresa, es necesario que nos suministre determinados datos de car\u00e1cter personal, que en cumplimiento de la Ley 15\/2003 de 18 de diciembre, calificada de protecci\u00f3n de datos personales, ser\u00e1n objeto de tratamiento automatizado e incorporadas a nuestros correspondientes archivos con la exclusiva finalidad de proporcionarle los servicios ofrecidos.<\/p>\n\n\n\n<h6 class=\"wp-block-heading\"><strong>Consentimiento y autorizaci\u00f3n al tratamiento automatizado de sus datos personales<\/strong><\/h6>\n\n\n\n<p>Web Kobalt Technologies, como responsable de los ficheros, considera que en el momento en que nos facilita sus datos de car\u00e1cter personal a trav\u00e9s de los diversos formularios contenidos en esta p\u00e1gina web o mediante correo electr\u00f3nico, nos est\u00e1 otorgando su autorizaci\u00f3n y consentimiento expreso para el tratamiento de sus datos en nuestros ficheros informatizados, si bien con car\u00e1cter revocable y sin efectos retroactivos, y acepta las presentes pol\u00edticas de privacidad respecto a sus datos, que ser\u00e1n tratadas con absoluta confidencialidad y cumpliendo todas las exigencias legales recogidas en la ley 15\/2003 sobre la protecci\u00f3n de datos personales y dem\u00e1s legislaci\u00f3n aplicable. Las presentes pol\u00edticas de privacidad se rigen por la normativa exclusivamente aplicable a Andorra, quedando sometida a ella, tanto nacionales como extranjeros que utilicen esta web.<\/p>\n\n\n\n<h6 class=\"wp-block-heading\"><strong>Qu\u00e9 datos solicitamos y con qu\u00e9 finalidad<\/strong><\/h6>\n\n\n\n<p>WEB KOBALT, le informa que en ning\u00fan caso est\u00e1 obligado a facilitarnos sus datos personales, y que estos son los adecuados, pertinentes y estrictamente necesarios para cumplir con la finalidad por la que se recogen, sin embargo, estos son imprescindibles para a proporcionarle los servicios ofrecidos, todos los campos se\u00f1alados con un asterisco (*) son de obligada respuesta.<\/p>\n\n\n\n<p>La finalidad de la solicitud de datos personales a trav\u00e9s de nuestra p\u00e1gina web no es otra que la de poder ofrecerle todos los siguientes servicios:<\/p>\n\n\n\n<ul class=\"wp-block-list\"><li>Registro de nombres de dominio: solicitamos sus datos personales con el fin de registrar el nombre de dominio que nos solicite (Archivo Clientes).<\/li><li>Hospedaje de p\u00e1ginas web (Hosting): solicitamos sus datos personales con el fin de proporcionarle el servicio de hospedaje de p\u00e1ginas web que nos solicite (Fichero Clientes).<\/li><li>Facturaci\u00f3n de los servicios prestados: solicitamos sus datos personales con el fin de facturar el servicio o servicios que nos contrate (Archivo Clientes).<\/li><li>Servicio de DNS: solicitamos sus datos personales con el fin de proporcionarle el servicio de DNS ofrecido.<\/li><li>Informar de los servicios de WEB KOBALT: solicitamos sus datos personales con el fin de proporcionarle la informaci\u00f3n comercial de cualquiera de nuestros servicios que nos solicite o que WEB KOBALT crea que pueden ser de su inter\u00e9s (Archivo Comercial).<\/li><\/ul>\n\n\n\n<p>WEB KOBALT, se reserva el derecho de decidir la incorporaci\u00f3n o no de sus datos personales a sus archivos.<\/p>\n\n\n\n<h6 class=\"wp-block-heading\"><strong>Derechos de acceso, rectificaci\u00f3n o cancelaci\u00f3n de sus datos personal<\/strong><\/h6>\n\n\n\n<p>En cualquier momento tiene derecho a acceder gratuitamente a nuestros archivos automatizados para consultar sus datos, rectificarlos si son err\u00f3neos o han variado y cancelarlos si no desea seguir incorporado a ellos. Puede comunicarnos el derecho que desee ejercer por correo certificado (adjuntando copia de su DNI o Pasaporte) a la direcci\u00f3n: Encamp, Ctra. dels Cortals, Edificio La Miranda, Bloc C, 4\u00ba, 7A, AD200, Andorra<\/p>\n\n\n\n<h6 class=\"wp-block-heading\"><strong>Cesi\u00f3n o comunicaci\u00f3n de sus datos<\/strong><\/h6>\n\n\n\n<p>WEB KOBALT, le informa que sus datos son tratados confidencialmente y son utilizados exclusivamente de manera interna y para las finalidades indicadas. Por tanto, no cedemos ni comunicamos a ning\u00fan tercero sus datos, salvo que el usuario nos lo autorice. \u00danicamente, nos autoriza expresamente a comunicar sus datos personales en los siguientes casos:<\/p>\n\n\n\n<p>En los organismos autorizados para el registro de dominio en Internet con el fin de llevar a cabo el registro de nombre de dominio solicitado, y aparecer en la base de datos Whois que regulan estos organismos y donde constan todos los titulares de los dominios registrados en el actualidad.<\/p>\n\n\n\n<p>Actualizaci\u00f3n y Cancelaci\u00f3n de sus datos.<\/p>\n\n\n\n<p>Es importante que para que podamos mantener sus datos personales actualizados, nos informe siempre que haya habido alguna modificaci\u00f3n en ellos, de lo contrario, no respondemos de la veracidad de los mismos. Asimismo, nos certifica que todos los datos que usted nos facilita son ciertos, vigentes y pertinentes para la finalidad por la que les solicitamos, y que los facilita por s\u00ed mismo. Entendemos que si no cancela sus datos personales expresamente de nuestros ficheros, sigue interesado en seguir incorporado a los mismos mientras que WEB KOBALT lo considere oportuno y mientras sea adecuado a la finalidad por la que se obtuvieron.<\/p>\n\n\n\n<h6 class=\"wp-block-heading\"><strong>Cookies<\/strong><\/h6>\n\n\n\n<p>La posible utilizaci\u00f3n de cookies en nuestras p\u00e1ginas web tiene la \u00fanica finalidad de interrelacionar los datos a trav\u00e9s de los distintos formularios de solicitud de datos. Las cookies son unos archivos que se guardan en su ordenador durante la visita a la p\u00e1gina web, pero que son eliminados de inmediato al cerrar el navegador.<\/p>\n\n\n\n<h6 class=\"wp-block-heading\"><strong>Garant\u00eda de Confidencialidad y Seguridad de los archivos automatizados<\/strong><\/h6>\n\n\n\n<p>WEB KOBALT en respuesta a la confianza depositada en nosotros y teniendo en cuenta la importancia en materia de protecci\u00f3n y confidencialidad que requieren sus datos personales, le informa que ha adoptado todas las medidas de \u00edndole t\u00e9cnica y organizativa posibles para salvaguardar la seguridad de las mismas. Sin embargo, el usuario debe ser consciente de que las medidas de seguridad en Internet no son inexpugnables.<\/p>\n\n\n\n<p>WEB KOBALT puede contener enlaces a otros websites ajenos a nuestra empresa, por lo que no podemos garantizar ni respondemos por la seguridad respecto a sus datos personales que el usuario proporcione en estos portales. En consecuencia, le recomendamos que revise las pol\u00edticas de privacidad de dichas p\u00e1ginas web<\/p>\n\n\n\n<p>WEB KOBALT puede modificar las presentes pol\u00edticas de privacidad para adaptarlas a las medidas legislativas o jurisprudenciales sobre datos personales que vayan apareciendo, por lo que exige su lectura, cada vez que nos facilite sus datos a trav\u00e9s de esta Web.<\/p>\n","protected":false},"excerpt":{"rendered":"<p>Pol\u00edtica de Privacidad Kobalt Serveis Tecnol\u00f2gics, S.L. (en adelante WEB KOBALT) de nacionalidad andorrana con domicilio en Encamp (Andorra), Ctra. dels Cortals, Edificio La Miranda, Bloc C, 4\u00ba, 7A, AD200, es titular de la web www.kobalt-techonologies.com, y como tal, les informa que para hacer uso de algunos de los servicios telem\u00e1ticos que les ofrece nuestro&#8230;<\/p>\n","protected":false},"author":1,"featured_media":0,"parent":0,"menu_order":0,"comment_status":"closed","ping_status":"closed","template":"","meta":{"_kad_post_transparent":"","_kad_post_title":"","_kad_post_layout":"","_kad_post_sidebar_id":"","_kad_post_content_style":"","_kad_post_vertical_padding":"","_kad_post_feature":"","_kad_post_feature_position":"","_kad_post_header":false,"_kad_post_footer":false,"footnotes":""},"class_list":["post-2067","page","type-page","status-publish","hentry"],"_links":{"self":[{"href":"https:\/\/www.kobalt-technologies.com\/index.php\/wp-json\/wp\/v2\/pages\/2067","targetHints":{"allow":["GET"]}}],"collection":[{"href":"https:\/\/www.kobalt-technologies.com\/index.php\/wp-json\/wp\/v2\/pages"}],"about":[{"href":"https:\/\/www.kobalt-technologies.com\/index.php\/wp-json\/wp\/v2\/types\/page"}],"author":[{"embeddable":true,"href":"https:\/\/www.kobalt-technologies.com\/index.php\/wp-json\/wp\/v2\/users\/1"}],"replies":[{"embeddable":true,"href":"https:\/\/www.kobalt-technologies.com\/index.php\/wp-json\/wp\/v2\/comments?post=2067"}],"version-history":[{"count":5,"href":"https:\/\/www.kobalt-technologies.com\/index.php\/wp-json\/wp\/v2\/pages\/2067\/revisions"}],"predecessor-version":[{"id":2187,"href":"https:\/\/www.kobalt-technologies.com\/index.php\/wp-json\/wp\/v2\/pages\/2067\/revisions\/2187"}],"wp:attachment":[{"href":"https:\/\/www.kobalt-technologies.com\/index.php\/wp-json\/wp\/v2\/media?parent=2067"}],"curies":[{"name":"wp","href":"https:\/\/api.w.org\/{rel}","templated":true}]}}